{"id":29510,"date":"2025-07-03T13:37:31","date_gmt":"2025-07-03T10:37:31","guid":{"rendered":"https:\/\/filosafe.gr\/lighting-metal-sign-king-of-the-road-curved-d77mm\/"},"modified":"2025-07-21T15:17:44","modified_gmt":"2025-07-21T12:17:44","slug":"lighting-metal-sign-king-of-the-road-curved-d77mm","status":"publish","type":"product","link":"https:\/\/filosafe.gr\/en\/lighting-metal-sign-king-of-the-road-curved-d77mm\/","title":{"rendered":"LIGHTING METAL SIGN &#8221; King of the Road &#8221;  CURVED  D:77mm"},"content":{"rendered":"<p>&#8216;- 400095: cr\u00e8me-white  LED<br \/>\n&#8211; 400096: cr\u00e8me-amber<br \/>\n&#8211; 400307: cr\u00e8me-red<br \/>\n&#8211; 400097: black-white LED<br \/>\n&#8211; 400098: black-amber<br \/>\n&#8211; 400308: black-red<br \/>\n&#8211; 400099: blue-white<br \/>\n&#8211; 400100: blue-amber<br \/>\n&#8211; 400309: blue-red<\/p>\n<p>&nbsp;<\/p>\n<p>&nbsp;<\/p>\n<p><\/p>\n<p class='txt-kato'>The displayed logos and \/ or figurative marks are purely indicative. These are not original and do not indicate that the product is made and \/ or approved by the proprietor. It only signifies that the product is suitable for a particular brand of vehicle.<\/p>\n","protected":false},"excerpt":{"rendered":"<p>&#8216;- 400095: cr\u00e8me-white LED &#8211; 400096: cr\u00e8me-amber &#8211; 400307: cr\u00e8me-red &#8211; 400097: black-white LED &#8211; 400098: black-amber &#8211; 400308: black-red &#8211; 400099: blue-white &#8211; 400100: blue-amber &#8211; 400309: blue-red &nbsp; &nbsp; The displayed logos and \/ or figurative marks are purely indicative. These are not original and do not indicate that the product is made [&#8230;]\n","protected":false},"featured_media":31169,"template":"","meta":[],"product_cat":[1820],"product_tag":[],"class_list":["post-29510","product","type-product","status-publish","has-post-thumbnail","hentry","product_cat-truck-accessories-en"],"yoast_head":"<!-- This site is optimized with the Yoast SEO plugin v19.9 - https:\/\/yoast.com\/wordpress\/plugins\/seo\/ -->\n<title>LIGHTING METAL SIGN &quot; King of the Road &quot; CURVED D:77mm - Filosafe<\/title>\n<meta name=\"robots\" content=\"index, follow, max-snippet:-1, max-image-preview:large, max-video-preview:-1\" \/>\n<link rel=\"canonical\" href=\"https:\/\/filosafe.gr\/en\/lighting-metal-sign-king-of-the-road-curved-d77mm\/\" \/>\n<meta property=\"og:locale\" content=\"en_US\" \/>\n<meta property=\"og:type\" content=\"article\" \/>\n<meta property=\"og:title\" content=\"LIGHTING METAL SIGN &quot; King of the Road &quot; CURVED D:77mm - Filosafe\" \/>\n<meta property=\"og:description\" content=\"&#8216;- 400095: cr\u00e8me-white LED &#8211; 400096: cr\u00e8me-amber &#8211; 400307: cr\u00e8me-red &#8211; 400097: black-white LED &#8211; 400098: black-amber &#8211; 400308: black-red &#8211; 400099: blue-white &#8211; 400100: blue-amber &#8211; 400309: blue-red &nbsp; &nbsp; The displayed logos and \/ or figurative marks are purely indicative. These are not original and do not indicate that the product is made [...]\" \/>\n<meta property=\"og:url\" content=\"https:\/\/filosafe.gr\/en\/lighting-metal-sign-king-of-the-road-curved-d77mm\/\" \/>\n<meta property=\"og:site_name\" content=\"Filosafe\" \/>\n<meta property=\"article:modified_time\" content=\"2025-07-21T12:17:44+00:00\" \/>\n<meta property=\"og:image\" content=\"https:\/\/filosafe.gr\/wp-content\/uploads\/2025\/04\/400095.jpg\" \/>\n\t<meta property=\"og:image:width\" content=\"953\" \/>\n\t<meta property=\"og:image:height\" content=\"1004\" \/>\n\t<meta property=\"og:image:type\" content=\"image\/jpeg\" \/>\n<meta name=\"twitter:card\" content=\"summary_large_image\" \/>\n<script type=\"application\/ld+json\" class=\"yoast-schema-graph\">{\"@context\":\"https:\/\/schema.org\",\"@graph\":[{\"@type\":\"WebPage\",\"@id\":\"https:\/\/filosafe.gr\/en\/lighting-metal-sign-king-of-the-road-curved-d77mm\/\",\"url\":\"https:\/\/filosafe.gr\/en\/lighting-metal-sign-king-of-the-road-curved-d77mm\/\",\"name\":\"LIGHTING METAL SIGN \\\" King of the Road \\\" CURVED D:77mm - Filosafe\",\"isPartOf\":{\"@id\":\"https:\/\/filosafe.gr\/en\/#website\"},\"datePublished\":\"2025-07-03T10:37:31+00:00\",\"dateModified\":\"2025-07-21T12:17:44+00:00\",\"breadcrumb\":{\"@id\":\"https:\/\/filosafe.gr\/en\/lighting-metal-sign-king-of-the-road-curved-d77mm\/#breadcrumb\"},\"inLanguage\":\"en-US\",\"potentialAction\":[{\"@type\":\"ReadAction\",\"target\":[\"https:\/\/filosafe.gr\/en\/lighting-metal-sign-king-of-the-road-curved-d77mm\/\"]}]},{\"@type\":\"BreadcrumbList\",\"@id\":\"https:\/\/filosafe.gr\/en\/lighting-metal-sign-king-of-the-road-curved-d77mm\/#breadcrumb\",\"itemListElement\":[{\"@type\":\"ListItem\",\"position\":1,\"name\":\"\u0391\u03c1\u03c7\u03b9\u03ba\u03ae\",\"item\":\"https:\/\/filosafe.gr\/en\/\"},{\"@type\":\"ListItem\",\"position\":2,\"name\":\"Shop\",\"item\":\"https:\/\/filosafe.gr\/en\/shop-2\/\"},{\"@type\":\"ListItem\",\"position\":3,\"name\":\"LIGHTING METAL SIGN &#8221; King of the Road &#8221; CURVED D:77mm\"}]},{\"@type\":\"WebSite\",\"@id\":\"https:\/\/filosafe.gr\/en\/#website\",\"url\":\"https:\/\/filosafe.gr\/en\/\",\"name\":\"Filosafe\",\"description\":\"\u0391\u03be\u03b5\u03c3\u03bf\u03c5\u03ac\u03c1 \u03c6\u03bf\u03c1\u03c4\u03b7\u03b3\u03ce\u03bd, \u03a0\u03bb\u03b1\u03c3\u03c4\u03b9\u03ba\u03ac \u03ba\u03b1\u03b9 \u0391\u03bd\u03bf\u03be\u03b5\u03af\u03b4\u03c9\u03c4\u03b1 \u03bc\u03ad\u03c1\u03b7 \u03a6\u03bf\u03c1\u03c4\u03b7\u03b3\u03ce\u03bd, \u0395\u03c3\u03c9\u03c4\u03b5\u03c1\u03b9\u03ba\u03ae \u0395\u03c0\u03ad\u03bd\u03b4\u03c5\u03c3\u03b7 \u03a6\u03bf\u03c1\u03c4\u03b7\u03b3\u03ce\u03bd\",\"potentialAction\":[{\"@type\":\"SearchAction\",\"target\":{\"@type\":\"EntryPoint\",\"urlTemplate\":\"https:\/\/filosafe.gr\/en\/?s={search_term_string}\"},\"query-input\":\"required name=search_term_string\"}],\"inLanguage\":\"en-US\"}]}<\/script>\n<!-- \/ Yoast SEO plugin. -->","yoast_head_json":{"title":"LIGHTING METAL SIGN \" King of the Road \" CURVED D:77mm - Filosafe","robots":{"index":"index","follow":"follow","max-snippet":"max-snippet:-1","max-image-preview":"max-image-preview:large","max-video-preview":"max-video-preview:-1"},"canonical":"https:\/\/filosafe.gr\/en\/lighting-metal-sign-king-of-the-road-curved-d77mm\/","og_locale":"en_US","og_type":"article","og_title":"LIGHTING METAL SIGN \" King of the Road \" CURVED D:77mm - Filosafe","og_description":"&#8216;- 400095: cr\u00e8me-white LED &#8211; 400096: cr\u00e8me-amber &#8211; 400307: cr\u00e8me-red &#8211; 400097: black-white LED &#8211; 400098: black-amber &#8211; 400308: black-red &#8211; 400099: blue-white &#8211; 400100: blue-amber &#8211; 400309: blue-red &nbsp; &nbsp; The displayed logos and \/ or figurative marks are purely indicative. These are not original and do not indicate that the product is made [...]","og_url":"https:\/\/filosafe.gr\/en\/lighting-metal-sign-king-of-the-road-curved-d77mm\/","og_site_name":"Filosafe","article_modified_time":"2025-07-21T12:17:44+00:00","og_image":[{"width":953,"height":1004,"url":"https:\/\/filosafe.gr\/wp-content\/uploads\/2025\/04\/400095.jpg","type":"image\/jpeg"}],"twitter_card":"summary_large_image","schema":{"@context":"https:\/\/schema.org","@graph":[{"@type":"WebPage","@id":"https:\/\/filosafe.gr\/en\/lighting-metal-sign-king-of-the-road-curved-d77mm\/","url":"https:\/\/filosafe.gr\/en\/lighting-metal-sign-king-of-the-road-curved-d77mm\/","name":"LIGHTING METAL SIGN \" King of the Road \" CURVED D:77mm - Filosafe","isPartOf":{"@id":"https:\/\/filosafe.gr\/en\/#website"},"datePublished":"2025-07-03T10:37:31+00:00","dateModified":"2025-07-21T12:17:44+00:00","breadcrumb":{"@id":"https:\/\/filosafe.gr\/en\/lighting-metal-sign-king-of-the-road-curved-d77mm\/#breadcrumb"},"inLanguage":"en-US","potentialAction":[{"@type":"ReadAction","target":["https:\/\/filosafe.gr\/en\/lighting-metal-sign-king-of-the-road-curved-d77mm\/"]}]},{"@type":"BreadcrumbList","@id":"https:\/\/filosafe.gr\/en\/lighting-metal-sign-king-of-the-road-curved-d77mm\/#breadcrumb","itemListElement":[{"@type":"ListItem","position":1,"name":"\u0391\u03c1\u03c7\u03b9\u03ba\u03ae","item":"https:\/\/filosafe.gr\/en\/"},{"@type":"ListItem","position":2,"name":"Shop","item":"https:\/\/filosafe.gr\/en\/shop-2\/"},{"@type":"ListItem","position":3,"name":"LIGHTING METAL SIGN &#8221; King of the Road &#8221; CURVED D:77mm"}]},{"@type":"WebSite","@id":"https:\/\/filosafe.gr\/en\/#website","url":"https:\/\/filosafe.gr\/en\/","name":"Filosafe","description":"\u0391\u03be\u03b5\u03c3\u03bf\u03c5\u03ac\u03c1 \u03c6\u03bf\u03c1\u03c4\u03b7\u03b3\u03ce\u03bd, \u03a0\u03bb\u03b1\u03c3\u03c4\u03b9\u03ba\u03ac \u03ba\u03b1\u03b9 \u0391\u03bd\u03bf\u03be\u03b5\u03af\u03b4\u03c9\u03c4\u03b1 \u03bc\u03ad\u03c1\u03b7 \u03a6\u03bf\u03c1\u03c4\u03b7\u03b3\u03ce\u03bd, \u0395\u03c3\u03c9\u03c4\u03b5\u03c1\u03b9\u03ba\u03ae \u0395\u03c0\u03ad\u03bd\u03b4\u03c5\u03c3\u03b7 \u03a6\u03bf\u03c1\u03c4\u03b7\u03b3\u03ce\u03bd","potentialAction":[{"@type":"SearchAction","target":{"@type":"EntryPoint","urlTemplate":"https:\/\/filosafe.gr\/en\/?s={search_term_string}"},"query-input":"required name=search_term_string"}],"inLanguage":"en-US"}]}},"_links":{"self":[{"href":"https:\/\/filosafe.gr\/en\/wp-json\/wp\/v2\/product\/29510","targetHints":{"allow":["GET"]}}],"collection":[{"href":"https:\/\/filosafe.gr\/en\/wp-json\/wp\/v2\/product"}],"about":[{"href":"https:\/\/filosafe.gr\/en\/wp-json\/wp\/v2\/types\/product"}],"wp:featuredmedia":[{"embeddable":true,"href":"https:\/\/filosafe.gr\/en\/wp-json\/wp\/v2\/media\/31169"}],"wp:attachment":[{"href":"https:\/\/filosafe.gr\/en\/wp-json\/wp\/v2\/media?parent=29510"}],"wp:term":[{"taxonomy":"product_cat","embeddable":true,"href":"https:\/\/filosafe.gr\/en\/wp-json\/wp\/v2\/product_cat?post=29510"},{"taxonomy":"product_tag","embeddable":true,"href":"https:\/\/filosafe.gr\/en\/wp-json\/wp\/v2\/product_tag?post=29510"}],"curies":[{"name":"wp","href":"https:\/\/api.w.org\/{rel}","templated":true}]}}